{"id":29295,"date":"2019-12-30T11:15:23","date_gmt":"2019-12-30T16:15:23","guid":{"rendered":"https:\/\/bonnefield.76labs.com\/?page_id=29295"},"modified":"2025-11-17T13:47:49","modified_gmt":"2025-11-17T18:47:49","slug":"about-us","status":"publish","type":"page","link":"https:\/\/bonnefield.com\/fr\/about-us\/","title":{"rendered":"\u00c0 propos de nous"},"content":{"rendered":"<p>[et_pb_section fb_built=\u201d1\u2033 _builder_version=\u201d4.16\u2033 background_image=\u201dhttps:\/\/bonnefield3854.wpengine.com\/wp-content\/uploads\/2020\/04\/about-us-header.jpg\u201d height=\u201d425px\u201d bottom_divider_height=\u201d80px\u201d bottom_divider_flip=\u201dvertical\u201d locked=\u201doff\u201d global_colors_info=\u201d{}\u201d][et_pb_row _builder_version=\u201d4.16\u2033 custom_margin=\u201d100px||||false|false\u201d global_colors_info=\u201d{}\u201d][et_pb_column type=\u201d4_4\u2033 _builder_version=\u201d4.16\u2033 global_colors_info=\u201d{}\u201d][et_pb_text _builder_version=\u201d4.16\u2033 text_text_color=\u201d#ffffff\u201d header_text_color=\u201d#ffffff\u201d text_orientation=\u201dcenter\u201d global_colors_info=\u201d{}\u201d]<\/p>\n<h1>\u00c0 propos de nous<\/h1>\n<p>[\/et_pb_text][\/et_pb_column][\/et_pb_row][\/et_pb_section][et_pb_section fb_built=\u201d1\u2033 _builder_version=\u201d4.16\u2033 background_image=\u201dhttps:\/\/bonnefield3854.wpengine.com\/wp-content\/uploads\/2020\/04\/about-us-footer.jpg\u201d background_position=\u201dbottom_center\u201d custom_margin=\u201d50px||||false|false\u201d custom_padding=\u201d||100px||false|false\u201d global_colors_info=\u201d{}\u201d][et_pb_row custom_padding_last_edited=\u201don|phone\u201d _builder_version=\u201d4.16\u2033 background_color=\u201d#ffffff\u201d custom_padding=\u201d40px|40px|40px|40px|false|false\u201d custom_padding_tablet=\u201d\u201d custom_padding_phone=\u201d25px|25px|25px|25px|false|false\u201d global_colors_info=\u201d{}\u201d][et_pb_column type=\u201d4_4\u2033 _builder_version=\u201d4.16\u2033 global_colors_info=\u201d{}\u201d][et_pb_video src=\u201dhttps:\/\/vimeo.com\/414055927\u2033 image_src=\u201dhttps:\/\/bonnefield3854.wpengine.com\/wp-content\/uploads\/2020\/04\/Main-vid-screenshot-1.jpg\u201d thumbnail_overlay_color=\u201drgba(0,0,0,0.6)\u201d _builder_version=\u201d4.16\u2033 global_colors_info=\u201d{}\u201d][\/et_pb_video][et_pb_text _builder_version=\u201d4.16\u2033 link_font=\u201d|||on|||||\u201d link_text_color=\u201d#58903f\u201d global_colors_info=\u201d{}\u201d]<\/p>\n<p class=\"p1\"><span class=\"s1\">Bonnefield propose des solutions de financement alternatives aux familles agricoles progressistes qui soutiennent leur planification strat\u00e9gique \u00e0 long terme. \u00c0 son tour, Bonnefield offre aux investisseurs qualifi\u00e9s la possibilit\u00e9 de se familiariser avec les caract\u00e9ristiques d&#039;investissement uniques des terres agricoles canadiennes. Tout en pr\u00e9servant les terres agricoles pour l&#039;agriculture.<\/span><\/p>\n<p class=\"p2\"><span class=\"s1\"><\/span><\/p>\n<h2 class=\"p3\"><span class=\"s2\">NOTRE HISTOIRE<\/span><\/h2>\n<p class=\"p1\"><span class=\"s1\">En 2005, alors qu&#039;il tentait de remettre sur pied une entreprise agricole, <span style=\"color: #000000;\">le\u00a0<span color=\"#C00000\">propri\u00e9taire de l&#039;entreprise<\/span> s&#039;est rendu compte que le chemin vers la r\u00e9ussite financi\u00e8re passait par la restructuration du bilan. S&#039;ils pouvaient vendre une partie de leurs terres et les relouer \u00e0 long terme,<\/span>\u00e0 terme, ils pourraient d\u00e9bloquer leur valeur nette du terrain et financer leur entreprise de mani\u00e8re appropri\u00e9e. Or, \u00e0 l\u2019\u00e9poque, aucune solution de ce type n\u2019existait pour les terres agricoles canadiennes. Cette lacune du march\u00e9 a conduit au d\u00e9veloppement de Bonnefield qui, au cours des dix derni\u00e8res ann\u00e9es, s&#039;est d\u00e9velopp\u00e9e pour atteindre plus de $1 milliard d&#039;actifs sous gestion (AUM). <a href=\"https:\/\/bonnefield.com\/fr\/case-studies\/the-bonnefield-story\/\">Lisez l&#039;histoire compl\u00e8te.<\/a><\/span><\/p>\n<p class=\"p2\"><span class=\"s1\"><\/span><\/p>\n<h2 class=\"p3\"><span class=\"s2\">NOTRE \u00c9QUIPE<\/span><\/h2>\n<p class=\"p1\"><span class=\"s1\">Notre \u00e9quipe multidisciplinaire apporte une approche unique \u00e0 l&#039;investissement et \u00e0 la gestion des terres agricoles qui prot\u00e8ge les terres agricoles pour l&#039;agriculture et aide les familles agricoles et les investisseurs \u00e0 atteindre leurs objectifs.<\/span><\/p>\n<p>[\/et_pb_text][et_pb_button button_url=\u201d@ET-DC@eyJkeW5hbWljIjp0cnVlLCJjb250ZW50IjoicG9zdF9saW5rX3VybF9wYWdlIiwic2V0dGluZ3MiOnsicG9zdF9pZCI6IjMzMjg2In19@\u201d button_text=\u201dVisitez la page de l\u2019\u00e9quipe\u201d _builder_version=\u201d4.16\u2033 _dynamic_attributes=\u201dbutton_url\u201d global_colors_info=\u201d{}\u201d][\/et_pb_button][\/et_pb_column][\/et_pb_row][\/et_pb_section]<\/p>","protected":false},"excerpt":{"rendered":"<p>\u00c0 propos de nousBonnefield offre des solutions de financement alternatives aux familles agricoles progressistes, ce qui soutient leur planification strat\u00e9gique \u00e0 long terme. De son c\u00f4t\u00e9, Bonnefield offre aux investisseurs accr\u00e9dit\u00e9s la possibilit\u00e9 de se familiariser avec les caract\u00e9ristiques uniques des terres agricoles canadiennes en mati\u00e8re d&#039;investissement, tout en pr\u00e9servant les terres agricoles pour l&#039;agriculture. NOTRE HISTOIRE En 2005, alors qu&#039;ils cherchaient \u00e0 redresser une entreprise agricole, les propri\u00e9taires ont r\u00e9alis\u00e9 que la voie du succ\u00e8s financier passait par la restructuration du bilan. En vendant une partie de leurs terres et en les louant \u00e0 long terme, ils pourraient d\u00e9bloquer leur capital foncier et financer leur entreprise de mani\u00e8re appropri\u00e9e. Cependant, \u00e0 l&#039;\u00e9poque, aucune solution de ce type n&#039;existait pour les terres agricoles canadiennes. Cette lacune du march\u00e9 a conduit au d\u00e9veloppement de Bonnefield qui, au cours des dix derni\u00e8res ann\u00e9es, a connu une croissance de plus de 1 milliard de livres sterling (TP4T1) d&#039;actifs sous gestion (AUM). Lire l&#039;histoire compl\u00e8te. NOTRE \u00c9QUIPE Notre \u00e9quipe multidisciplinaire apporte une approche unique en mati\u00e8re d&#039;investissement et de gestion des terres agricoles, qui prot\u00e8ge les terres agricoles pour l&#039;agriculture et aide les familles agricoles et les investisseurs \u00e0 atteindre leurs objectifs.<\/p>","protected":false},"author":1,"featured_media":0,"parent":0,"menu_order":0,"comment_status":"closed","ping_status":"closed","template":"","meta":{"_et_pb_use_builder":"on","_et_pb_old_content":"<p>[vc_row][vc_column][gem_custom_header subtitle_width=\"800px\" icon_position=\"gem-custom-header-no-icon\" background_style=\"cover\" container=\"1\" breadcrumbs=\"1\" centreed_breadcrumbs=\"1\" pack=\"material\" title_bottom_margin=\"100\" background_image=\"31407\" padding_top=\"185\" padding_bottom=\"125\"]<\/p><h1 style=\"text-align: center;\"><span style=\"color: #6f7515;\">About Us<\/span><\/h1><p>[\/gem_custom_header][vc_empty_space height=\"50px\"][\/vc_column][\/vc_row][vc_row][vc_column][vc_row_inner equal_height=\"yes\" content_placement=\"middle\"][vc_column_inner width=\"1\/2\"][vc_column_text]<\/p><h4><span style=\"color: #959f02;\">OUr FIRM<\/span><\/h4><p>Bonnefield provides alternative financing solutions to progressive farm families which supports their long-term strategic planning. In turn, Bonnefield offers accredited investors an opportunity to gain exposure to the unique investment characteristics of Canadian farmland. All while preserving farmland for farming.[\/vc_column_text][\/vc_column_inner][vc_column_inner width=\"1\/2\"][ultimate_modal icon_type=\"selector\" icon=\"Defaults-play-circle-o\" modal_contain=\"ult-youtube\" modal_on=\"image\" btn_img=\"id^32206|url^https:\/\/bonnefield3854.wpengine.com\/wp-content\/uploads\/2020\/01\/tom-copy.png|caption^null|alt^null|title^tom copy|description^null\" modal_size=\"container\" overlay_bg_opacity=\"80\" img_size=\"80\"]<\/p><p>[embed]https:\/\/youtu.be\/w2pAMO8mHhI[\/embed]<\/p><p>[\/ultimate_modal][\/vc_column_inner][\/vc_row_inner][\/vc_column][\/vc_row][vc_row][vc_column][vc_row_inner equal_height=\"yes\" content_placement=\"middle\"][vc_column_inner width=\"1\/2\"][vc_column_text]<\/p><h4><span style=\"color: #959f02;\">OUR STORY<\/span><\/h4><p>In 2005, when two brothers were trying to get an agricultural business back on its feet, they realized that the path to financial success was in restructuring the balance sheet. If they could sell some of their land, and lease it back on a long-term basis, they could unlock their equity in the land, and finance their business appropriately.\u00a0 However, at the time, no such solution existed for Canadian farmland. This gap in the market led to the development of Bonnefield which, over the last ten years, has grown to have ~$875mm of assets under management (AUM).[\/vc_column_text][\/vc_column_inner][vc_column_inner width=\"1\/2\"][vc_single_image image=\"31881\" img_size=\"full\" alignment=\"center\" onclick=\"custom_link\" img_link_target=\"_blank\" link=\"https:\/\/bonnefield3854.wpengine.com\/wp-content\/uploads\/2018\/12\/BFI_The-Bonnefield-Story.pdf\"][\/vc_column_inner][\/vc_row_inner][\/vc_column][\/vc_row][vc_row][vc_column][vc_column_text]<\/p><h4><span style=\"color: #959f02;\">OUr team<\/span><\/h4><p>[\/vc_column_text][vc_row_inner][vc_column_inner width=\"1\/2\"][vc_column_text]Our multi-disciplinary team brings a unique approach to farmland investment and management that protects farmland for farming and helps both farm families and investors to achieve their goals.[\/vc_column_text][\/vc_column_inner][vc_column_inner width=\"1\/2\"][vc_btn title=\"Meet Our Team\" color=\"success\" size=\"lg\" align=\"center\" link=\"url:https%3A%2F%2Fbonnefield3854.wpengine.com%2Four-team%2F|title:Our%20Team||\"][\/vc_column_inner][\/vc_row_inner][\/vc_column][\/vc_row]<\/p>","_et_gb_content_width":"","footnotes":""},"class_list":["post-29295","page","type-page","status-publish","hentry"],"_links":{"self":[{"href":"https:\/\/bonnefield.com\/fr\/wp-json\/wp\/v2\/pages\/29295","targetHints":{"allow":["GET"]}}],"collection":[{"href":"https:\/\/bonnefield.com\/fr\/wp-json\/wp\/v2\/pages"}],"about":[{"href":"https:\/\/bonnefield.com\/fr\/wp-json\/wp\/v2\/types\/page"}],"author":[{"embeddable":true,"href":"https:\/\/bonnefield.com\/fr\/wp-json\/wp\/v2\/users\/1"}],"replies":[{"embeddable":true,"href":"https:\/\/bonnefield.com\/fr\/wp-json\/wp\/v2\/comments?post=29295"}],"version-history":[{"count":0,"href":"https:\/\/bonnefield.com\/fr\/wp-json\/wp\/v2\/pages\/29295\/revisions"}],"wp:attachment":[{"href":"https:\/\/bonnefield.com\/fr\/wp-json\/wp\/v2\/media?parent=29295"}],"curies":[{"name":"wp","href":"https:\/\/api.w.org\/{rel}","templated":true}]}}