{"id":32625,"date":"2020-04-21T18:05:58","date_gmt":"2020-04-21T22:05:58","guid":{"rendered":"https:\/\/bonnefield3854.wpengine.com\/?page_id=32625"},"modified":"2021-09-21T14:11:04","modified_gmt":"2021-09-21T18:11:04","slug":"growing-into-succession","status":"publish","type":"page","link":"https:\/\/bonnefield.com\/fr\/case-studies\/growing-into-succession\/","title":{"rendered":"Grandir vers la succession"},"content":{"rendered":"<p>[et_pb_section fb_built=\u201d1\u2033 _builder_version=\u201d4.10.1\u2033 background_image=\u201dhttps:\/\/bonnefield.com\/wp-content\/uploads\/2021\/09\/Growing-into-header-1400\u00d7480-1.jpg\u201d background_position =\u201dtop_left\u201d height=\u201d425px\u201d bottom_divider_height=\u201d80px\u201d bottom_divider_flip=\u201dvertical\u201d hover_enabled=\u201d0\u2033 verrouill\u00e9=\u201doff\u201d global_colors_info=\u201d{}\u201d title_text=\u201dGrowing-into-header-1400\u00d7480\u2033 sticky_enabled= \u201d0\u2033][et_pb_row _builder_version=\u201d4.2.2\u2033 custom_margin=\u201d100px||||false|false\u201d global_colors_info=\u201d{}\u201d][et_pb_column type=\u201d4_4\u2033 _builder_version=\u201d4.2.2\u2033 global_colors_info=\u201d{ }\u201d][et_pb_text _builder_version=\u201d4.2.2\u2033 text_text_color=\u201d#ffffff\u201d header_text_color=\u201d#ffffff\u201d text_orientation=\u201dcenter\u201d global_colors_info=\u201d{}\u201d]<\/p>\n<h1>Grandir vers la succession<\/h1>\n<p>[\/et_pb_text][\/et_pb_column][\/et_pb_row][\/et_pb_section][et_pb_section fb_built=\u201d1\u2033 admin_label=\u201dLong terme\u201d _builder_version=\u201d4.2.2\u2033 background_image=\u201dhttps:\/\/bonnefield3854.wpengine.com\/wp -content\/uploads\/2020\/04\/News-bg-.jpg\u201d background_size=\u201dcontain\u201d background_position=\u201dbottom_center\u201d verrouill\u00e9=\u201doff\u201d global_colors_info=\u201d{}\u201d][et_pb_row _builder_version=\u201d4.10.1\u2033 width_tablet=\u201d 95%\u201d width_phone=\u201d\u201d width_last_edited=\u201don|phone\u201d custom_margin=\u201d50px|auto|-53px|auto|false|false\u201d custom_margin_tablet=\u201d0px||||false|false\u201d custom_margin_phone=\u201d-44px|||| false|false\u201d custom_margin_last_edited=\u201dsur|tablette\u201d custom_padding=\u201d22px|||||\u201d global_colors_info=\u201d{}\u201d][et_pb_column type=\u201d4_4\u2033 _builder_version=\u201d4.2.2\u2033 global_colors_info=\u201d{}\u201d][et_pb_text content_tablet=\u201d<\/p>\n<div class=\"%22page%22\" title=\"%22Page\" 1%22>\n<div class=\"%22section%22\">\n<div class=\"%22layoutArea%22\">\n<div class=\"%22column%22\">\n<div class=\"%22section%22\">\n<div class=\"%22layoutArea%22\">\n<div class=\"%22column%22\">\n<div class=\"%22page%22\" title=\"%22Page\" 1%22>\n<div class=\"%22layoutArea%22\">\n<div class=\"%22column%22\">\n<h1><span>Comment un agriculteur a d\u00e9velopp\u00e9 son entreprise en trouvant un partenaire qui l&#039;a aid\u00e9 \u00e0 cro\u00eetre selon ses propres conditions <\/span><\/h1>\n<\/div>\n<\/div>\n<\/div>\n<\/div>\n<\/div>\n<\/div>\n<\/div>\n<\/div>\n<\/div>\n<\/div>\n<p>&quot; content_phone = &quot;<\/p>\n<div class=\"%22page%22\" title=\"%22Page\" 1%22>\n<div class=\"%22section%22\">\n<div class=\"%22layoutArea%22\">\n<div class=\"%22column%22\">\n<h1><span>Comment un agriculteur a d\u00e9velopp\u00e9 son entreprise en trouvant un partenaire qui l&#039;a aid\u00e9 \u00e0 cro\u00eetre selon ses propres conditions <\/span><\/h1>\n<\/div>\n<\/div>\n<\/div>\n<\/div>\n<p>\u201d content_last_edited=\u201doff|desktop\u201d _builder_version=\u201d4.2.2\u2033 header_text_align=\u201dcenter\u201d header_text_color=\u201d#20543b\u201d header_3_text_align=\u201dcenter\u201d custom_margin=\u201d-40px||50px||false|false\u201d custom_margin_tablet=\u201d-30px| |30px||false|false\u201d custom_margin_phone=\u201d0px||30px||false|false\u201d custom_margin_last_edited=\u201don|phone\u201d header_text_align_last_edited=\u201doff|desktop\u201d header_font_size_tablet=\u201d\u201d header_font_size_phone=\u201d40px\u201d header_font_size_last_edited=\u201don|phone &quot; global_colors_info = &quot;{}&quot;]<\/p>\n<div class=\"page\" title=\"Page 1\">\n<div class=\"section\">\n<div class=\"layoutArea\">\n<div class=\"column\">\n<div class=\"page\" title=\"Page 1\">\n<div class=\"layoutArea\">\n<div class=\"column\">\n<h1><span>Comment un agriculteur a positionn\u00e9 son entreprise pour la prochaine g\u00e9n\u00e9ration\u00a0<\/span><\/h1>\n<\/div>\n<\/div>\n<\/div>\n<\/div>\n<\/div>\n<\/div>\n<\/div>\n<p>[\/et_pb_text][et_pb_text ul_item_indent=\u201d30px\u201d quote_border_weight=\u201d17px\u201d quote_border_color=\u201d#172745\u2033 _builder_version=\u201d4.10.1\u2033 ul_text_color=\u201d#000000\u2033 quote_font=\u201d||||||||\u201d quote_text_color=\u201d#172745\u2033 quote_font_size=\u201d30px\u201d quote_line_height=\u201d1.2em\u201d background_color=\u201drgba(0,0,0,0)\u201d width=\u201d85%\u201d width_tablet=\u201d95%\u201d width_phone=\u201d95%\u201d width_last_edited=\u201don| phone&quot; module_alignment=&quot;center&quot; custom_margin=&quot;||||false|false&quot; custom_padding=&quot;40px|40px|40px|40px|false|false&quot; custom_padding_tablet=&quot;&quot; custom_padding_phone=&quot;25px|25px|25px|25px|false| false&quot; custom_padding_last_edited=&quot;sur|t\u00e9l\u00e9phone&quot; quote_font_size_tablet=&quot;&quot; quote_font_size_phone=&quot;21px&quot; quote_font_size_last_edited=&quot;sur|t\u00e9l\u00e9phone&quot; global_colors_info=&quot;{}&quot;]<\/p>\n<div class=\"page\" title=\"Page 1\">\n<div class=\"section\">\n<div class=\"layoutArea\">\n<div class=\"column\">\n<div class=\"page\" title=\"Page 1\">\n<div class=\"section\">\n<div class=\"layoutArea\">\n<div class=\"column\">\n<div class=\"page\" title=\"Page 1\">\n<div class=\"layoutArea\">\n<div class=\"column\">\n<p>Depuis plus de trois g\u00e9n\u00e9rations, John* et sa famille exploitent une exploitation agricole en Ontario. Ils poss\u00e8dent et exploitent 1\u00a0200 acres et, ces derni\u00e8res ann\u00e9es, ont diversifi\u00e9 leur combinaison de cultures. Avec un fils r\u00e9cemment dipl\u00f4m\u00e9 d&#039;une \u00e9cole d&#039;agriculture et plusieurs autres enfants qui voulaient rejoindre l&#039;entreprise agricole familiale, ils voulaient cultiver plus de terres mais n&#039;avaient pas acc\u00e8s au capital pour acheter les terres suppl\u00e9mentaires dont ils avaient besoin.<\/p>\n<p>Comme de nombreux exploitants agricoles \u00e0 grande \u00e9chelle, ils \u00e9taient d\u00e9j\u00e0 lourdement endett\u00e9s et ne souhaitaient pas en assumer davantage. Ils ne voulaient pas non plus perdre le contr\u00f4le de leurs op\u00e9rations, ce qui peut arriver \u00e0 certains partenaires commerciaux. Ainsi, la famille s&#039;est associ\u00e9e \u00e0 Bonnefield sur son option de financement par bail foncier pour les exploitants agricoles canadiens.<\/p>\n<p><span style=\"font-size: small;\">*Ce n&#039;est pas son vrai nom.<\/span><\/p>\n<p>&nbsp;<\/p>\n<\/div>\n<\/div>\n<div class=\"layoutArea\">\n<div class=\"column\">\n<div class=\"page\" title=\"Page 1\">\n<div class=\"layoutArea\">\n<div class=\"column\">\n<div class=\"page\" title=\"Page 1\">\n<div class=\"layoutArea\">\n<div class=\"column\">\n<div class=\"page\" title=\"Page 1\">\n<div class=\"layoutArea\">\n<div class=\"column\">\n<p><span><\/span><\/p>\n<h3><span>L&#039;accord<\/span><\/h3>\n<\/div>\n<\/div>\n<\/div>\n<div class=\"page\" title=\"Page 1\">\n<div class=\"layoutArea\">\n<div class=\"column\">\n<p>Dans le cadre d&#039;un accord de cession-bail modifi\u00e9, Bonnefield a achet\u00e9 500 acres de terrain \u00e0 John et le lui a relou\u00e9 en utilisant la structure de bail renouvelable de Bonnefield. John a choisi de tout payer d&#039;avance<br \/>10 ans de son bail avec Bonnefield en utilisant une partie du produit de la vente du terrain, \u00e9liminant ainsi toute fuite de liquidit\u00e9s provenant des paiements p\u00e9riodiques de loyer sur ses terres agricoles.<\/p>\n<p>Dans le cadre de l&#039;accord avec Bonnefield, John a accept\u00e9 d&#039;adh\u00e9rer aux normes de soins de Bonnefield, un ensemble de meilleures pratiques durables qui aident \u00e0 maintenir l&#039;int\u00e9grit\u00e9 du terrain. Pour John et sa famille, des agriculteurs responsables et progressistes, les normes de soins \u00e9taient d\u00e9j\u00e0 align\u00e9es sur leur approche de l&#039;agriculture durable.<\/p>\n<p>Cet accord avec John et sa famille n&#039;est qu&#039;un exemple de la mani\u00e8re dont Bonnefield s&#039;associe \u00e0 des agriculteurs canadiens progressistes et ax\u00e9s sur la croissance pour leur fournir des solutions de location de terres agricoles qui les aident \u00e0 cro\u00eetre, \u00e0 r\u00e9duire leurs dettes et \u00e0 financer leur retraite et leur succession.<\/p>\n<\/div>\n<\/div>\n<\/div>\n<\/div>\n<\/div>\n<\/div>\n<\/div>\n<\/div>\n<\/div>\n<\/div>\n<\/div>\n<\/div>\n<\/div>\n<\/div>\n<\/div>\n<\/div>\n<\/div>\n<\/div>\n<\/div>\n<\/div>\n<p>[\/et_pb_text][\/et_pb_column][\/et_pb_row][et_pb_row column_structure=\u201d1_2,1_2\u2033 _builder_version=\u201d4.2.2\u2033 custom_margin=\u201d20px|auto|-33px|auto|false|false\u201d global_colors_info=\u201d{}\u201d ][et_pb_column type=\u201d1_2\u2033 _builder_version=\u201d4.2.2\u2033 custom_padding=\u201d30px|30px|30px|30px|false|false\u201d global_colors_info=\u201d{}\u201d][et_pb_image src=\u201dhttps:\/\/bonnefield3854.wpengine. com\/wp-content\/uploads\/2020\/04\/image-crop-1.jpg\u201d align=\u201dright\u201d align_tablet=\u201dcenter\u201d align_phone=\u201d\u201d align_last_edited=\u201don|phone\u201d _builder_version=\u201d4.2.2\u2033 global_colors_info= \u201d{}\u201d][\/et_pb_image][\/et_pb_column][et_pb_column type=\u201d1_2\u2033 _builder_version=\u201d4.2.2\u2033 global_colors_info=\u201d{}\u201d][et_pb_text quote_border_weight=\u201d17px\u201d quote_border_color=\u201d#172745\u2033 _builder_version=\u201d4.10 .1\u2033 quote_font=\u201d||||||||\u201d quote_text_color=\u201d#172745\u2033 quote_font_size=\u201d30px\u201d quote_line_height=\u201d1.2em\u201d background_color=\u201drgba(0,0,0,0)\u201d transform_scale_tablet=\u201d\u201d transform_scale_phone=\u201d\u201d transform_scale_last_edited=\u201don|desktop\u201d transform_translate=\u201d-80px | 0px \u201dtransform_translate_tablet =\u201d 0px | 0px \u201dtransform_translate_phone =\u201d \u201dtransform_translate_last_edite _skew_phone = \u201d\u201d transform_skew_last_edit =\u201dsur|desktop\u201d transform_origin_tablet=\u201d\u201d transform_origin_phone=\u201d\u201d transform_origin_last_edited=\u201dsur|desktop\u201d transform_styles_last_edited=\u201dsur|desktop\u201d width=\u201d85%\u201d width_tablet=\u201d100%\u201d width_phone=\u201d100%\u201d width_last_edited=\u201don|desktop\u201d module_alignment=\u201dcenter\u201d custom_margin=\u201d220px|||0px|false|false\u201d custom_margin_tablet=\u201d0px||||false|false\u201d custom_margin_phone=\u201d0px||||false|false\u201d custom_margin_last_edited=\u201don|phone\u201d custom_padding =\u201d0px|0px|0px|0px|false|false\u201d custom_padding_tablet=\u201d\u201d custom_padding_phone=\u201d25px|25px|25px|25px|false|false\u201d custom_padding_last_edited=\u201don|phone\u201d quote_font_size_phone=\u201d30px\u201d quote_font_size_last_edited=\u201doff| bureau\u201d transform_styles_tablet=\u201d\u201d transform_styles_phone=\u201d\u201d global_colors_info=\u201d{}\u201d]<\/p>\n<div class=\"page\" title=\"Page 2\">\n<div class=\"section\">\n<div class=\"layoutArea\">\n<div class=\"column\">\n<blockquote>\n<div class=\"page\" title=\"Page 2\">\n<div class=\"section\">\n<div class=\"layoutArea\">\n<div class=\"column\">\n<p>L&#039;entreprise de John ne subira aucune perte de tr\u00e9sorerie provenant des paiements de loyer annuels pendant 10 ans.<\/p>\n<\/div>\n<\/div>\n<\/div>\n<\/div>\n<\/blockquote>\n<\/div>\n<\/div>\n<\/div>\n<\/div>\n<p>[\/et_pb_text][\/et_pb_column][\/et_pb_row][et_pb_row _builder_version=\u201d4.2.2\u2033 width_tablet=\u201d95%\u201d width_phone=\u201d\u201d width_last_edited=\u201don|phone\u201d custom_margin=\u201d20px||60px||false|false\u201d custom_margin_tablet=\u201d\u201d custom_margin_phone=\u201d\u201d custom_margin_last_edited=\u201don|phone\u201d global_colors_info=\u201d{}\u201d][et_pb_column type=\u201d4_4\u2033 _builder_version=\u201d4.2.2\u2033 global_colors_info=\u201d{}\u201d][et_pb_text quote_border_weight=\u201d17px\u201d quote_border_color=\u201d#172745\u2033 _builder_version=\u201d4.10.1\u2033 quote_font=\u201d||||||||\u201d quote_text_color=\u201d#172745\u2033 quote_font_size=\u201d30px\u201d quote_line_height=\u201d1.2em\u201d background_color=\u201drgba(0,0,0,0)\u201d width=\u201d85%\u201d width_tablet=\u201d95%\u201d width_phone=\u201d95%\u201d width_last_edited=\u201don| phone&quot; module_alignment=&quot;center&quot; custom_margin=&quot;||||false|false&quot; custom_padding=&quot;40px|40px|40px|40px|false|false&quot; custom_padding_tablet=&quot;&quot; custom_padding_phone=&quot;25px|25px|25px|25px|false| false&quot; custom_padding_last_edited=&quot;sur|t\u00e9l\u00e9phone&quot; quote_font_size_tablet=&quot;&quot; quote_font_size_phone=&quot;21px&quot; quote_font_size_last_edited=&quot;sur|t\u00e9l\u00e9phone&quot; global_colors_info=&quot;{}&quot;]<\/p>\n<div class=\"page\" title=\"Page 2\">\n<div class=\"section\">\n<div class=\"layoutArea\">\n<div class=\"column\">\n<div class=\"page\" title=\"Page 2\">\n<div class=\"section\">\n<div class=\"layoutArea\">\n<div class=\"column\">\n<h3><span>Les avantages pour John incluent\u00a0: <\/span><\/h3>\n<blockquote>\n<p><span>Des flux de tr\u00e9sorerie<\/span><\/p>\n<\/blockquote>\n<p><span>Gr\u00e2ce \u00e0 la vente du terrain, son bilan est sain \u2013 les liquidit\u00e9s circulent \u2013 et il jouit d&#039;une tranquillit\u00e9 d&#039;esprit qu&#039;il n&#039;a pas connue depuis des ann\u00e9es. En choisissant de payer par anticipation son bail avec une partie du produit de la vente de son terrain, l&#039;entreprise de John n&#039;aura pas de fuite de liquidit\u00e9s provenant des paiements de loyer annuels pendant 10 ans. <\/span><\/p>\n<blockquote>\n<p><span>Avantage de l&#039;acheteur<\/span><\/p>\n<\/blockquote>\n<p><span>En disposant des liquidit\u00e9s provenant de la cession-bail avec Bonnefield, John pourra acheter rapidement une propri\u00e9t\u00e9 suppl\u00e9mentaire lorsqu&#039;elle sera disponible. Gr\u00e2ce \u00e0 ces terres suppl\u00e9mentaires, il continuera d&#039;augmenter la taille de ses op\u00e9rations agricoles et d&#039;atteindre les gains d&#039;efficacit\u00e9 dont il a besoin pour continuer \u00e0 am\u00e9liorer sa rentabilit\u00e9.<\/span><\/p>\n<blockquote>\n<p><span>S\u00e9curit\u00e9 \u00e0 long terme<\/span><\/p>\n<\/blockquote>\n<p><span>Le bail renouvelable \u00ab comme s&#039;il appartenait \u00e0 John \u00bb donne \u00e0 John la confiance n\u00e9cessaire pour planifier l&#039;avenir et r\u00e9aliser les investissements appropri\u00e9s pour r\u00e9pondre \u00e0 la g\u00e9n\u00e9ration future et \u00e0 ses plans strat\u00e9giques.<\/span><\/p>\n<\/div>\n<\/div>\n<\/div>\n<\/div>\n<\/div>\n<\/div>\n<\/div>\n<\/div>\n<p>[\/et_pb_text][et_pb_cta title=\u201dGOAL\u201d button_text=\u201dCliquez ici\u201d _builder_version=\u201d4.2.2\u2033 body_font_size=\u201d27px\u201d background_color=\u201d#8a8a85\u2033 custom_padding=\u201d30px|20px|20px|20px|false|false\u201d verrouill\u00e9 =\u201doff\u201d global_colors_info=\u201d{}\u201d]<\/p>\n<div class=\"page\" title=\"Page 2\">\n<div class=\"section\">\n<div class=\"layoutArea\">\n<div class=\"column\">\n<div class=\"page\" title=\"Page 2\">\n<div class=\"section\">\n<div class=\"layoutArea\">\n<div class=\"column\">\n<p><span>\u00c9largir la base fonci\u00e8re, \u00e9viter l\u2019endettement <\/span><\/p>\n<\/div>\n<\/div>\n<\/div>\n<\/div>\n<\/div>\n<\/div>\n<\/div>\n<\/div>\n<p>[\/et_pb_cta][et_pb_cta title=\u201dSOLUTION\u201d button_text=\u201dCliquez ici\u201d _builder_version=\u201d4.2.2\u2033 body_font_size=\u201d27px\u201d custom_padding=\u201d30px|20px|20px|20px|false|false\u201d verrouill\u00e9=\u201doff\u201d global_colors_info =\u201d{}\u201d]<\/p>\n<div class=\"page\" title=\"Page 2\">\n<div class=\"section\">\n<div class=\"layoutArea\">\n<div class=\"column\">\n<div class=\"page\" title=\"Page 2\">\n<div class=\"section\">\n<div class=\"layoutArea\">\n<div class=\"column\">\n<div class=\"page\" title=\"Page 2\">\n<div class=\"section\">\n<div class=\"layoutArea\">\n<div class=\"column\">\n<p><span>cession-bail <\/span><\/p>\n<\/div>\n<\/div>\n<\/div>\n<\/div>\n<\/div>\n<\/div>\n<\/div>\n<\/div>\n<\/div>\n<\/div>\n<\/div>\n<\/div>\n<p>[\/et_pb_cta][\/et_pb_column][\/et_pb_row][et_pb_row column_structure=\u201d3_4,1_4\u2033 custom_padding_last_edited=\u201don|phone\u201d _builder_version=\u201d4.2.2\u2033 background_color=\u201d#ffffff\u201d custom_margin=\u201d30px||70px||false |false&quot; custom_padding = &quot;40px | et_pb_column type=\u201d3_4\u2033 _builder_version=\u201d4.2.2\u2033 custom_padding=\u201d||||false|false\u201d global_colors_info=\u201d{}\u201d custom_css_main_element_last_edited=\u201doff|desktop\u201d][et_pb_text _builder_version=\u201d4.2.2\u2033 header_text_align=\u201d center\u201d header_4_text_align=\u201dcenter\u201d background_color=\u201drgba(0,0,0,0)\u201d width=\u201d100%\u201d custom_margin=\u201d||||false|false\u201d custom_padding=\u201d||||false|false\u201d global_colors_info= &quot;{}&quot;]<\/p>\n<h4 class=\"p1\" style=\"text-align: left;\"><span class=\"s1\">Cliquez sur le bouton pour\u00a0<\/span><span class=\"s1\">t\u00e9l\u00e9chargez une copie PDF de cette \u00e9tude de cas.<\/span><\/h4>\n<p>[\/et_pb_text][\/et_pb_column][et_pb_column type=\u201d1_4\u2033 _builder_version=\u201d4.2.2\u2033 global_colors_info=\u201d{}\u201d][et_pb_button button_url=\u201dhttps:\/\/bonnefield.com\/wp-content\/uploads\/2021\/ 09\/Bonnefield_Growing-into-Succession.pdf\u201d url_new_window=\u201don\u201d button_text=\u201dT\u00e9l\u00e9charger\u201d button_alignment=\u201dcenter\u201d _builder_version=\u201d4.10.1\u2033 custom_button=\u201don\u201d button_text_size=\u201d25px\u201d custom_margin=\u201d15px|||| false|false\u201d custom_margin_tablet=\u201d-20px||||false|false\u201d custom_margin_phone=\u201d-20px||||false|false\u201d custom_margin_last_edited=\u201don|phone\u201d global_colors_info=\u201d{}\u201d][\/et_pb_button][\/ et_pb_column][\/et_pb_row][\/et_pb_section]<\/p>","protected":false},"excerpt":{"rendered":"<p>Croissance vers la rel\u00e8ve Comment un agriculteur a positionn\u00e9 son entreprise pour la prochaine g\u00e9n\u00e9ration Depuis plus de trois g\u00e9n\u00e9rations, John* et sa famille sont agriculteurs en Ontario. Ils poss\u00e8dent et exploitent 1\u00a0200 acres et ont diversifi\u00e9 leur gamme de cultures ces derni\u00e8res ann\u00e9es. Avec un fils r\u00e9cemment dipl\u00f4m\u00e9 d&#039;un coll\u00e8ge agricole et plusieurs autres enfants qui souhaitaient se joindre \u00e0 l&#039;entreprise agricole familiale, ils souhaitaient cultiver plus de terres, mais manquaient de capitaux pour acheter les terres suppl\u00e9mentaires dont ils avaient besoin. Comme de nombreux exploitants agricoles \u00e0 grande \u00e9chelle, ils \u00e9taient d\u00e9j\u00e0 lourdement endett\u00e9s et ne souhaitaient pas en prendre davantage. Ils ne voulaient pas non plus perdre le contr\u00f4le de leurs op\u00e9rations, ce qui peut arriver avec certains partenaires commerciaux. La famille s&#039;est donc associ\u00e9e \u00e0 Bonnefield pour son option de financement par bail foncier destin\u00e9e aux exploitants agricoles canadiens. *Pr\u00e9nom fictif. L&#039;accord Dans le cadre d&#039;un contrat de cession-bail modifi\u00e9, Bonnefield a achet\u00e9 500 acres de terres \u00e0 John et les lui a lou\u00e9es en utilisant la structure de bail renouvelable de Bonnefield. John a choisi de payer par anticipation les 10 ann\u00e9es de son bail avec Bonnefield en utilisant une partie du produit de la vente du terrain, \u00e9liminant ainsi toute fuite de tr\u00e9sorerie de [\u2026]<\/p>","protected":false},"author":232,"featured_media":0,"parent":32526,"menu_order":0,"comment_status":"closed","ping_status":"closed","template":"","meta":{"_et_pb_use_builder":"on","_et_pb_old_content":"","_et_gb_content_width":"","footnotes":""},"class_list":["post-32625","page","type-page","status-publish","hentry"],"_links":{"self":[{"href":"https:\/\/bonnefield.com\/fr\/wp-json\/wp\/v2\/pages\/32625","targetHints":{"allow":["GET"]}}],"collection":[{"href":"https:\/\/bonnefield.com\/fr\/wp-json\/wp\/v2\/pages"}],"about":[{"href":"https:\/\/bonnefield.com\/fr\/wp-json\/wp\/v2\/types\/page"}],"author":[{"embeddable":true,"href":"https:\/\/bonnefield.com\/fr\/wp-json\/wp\/v2\/users\/232"}],"replies":[{"embeddable":true,"href":"https:\/\/bonnefield.com\/fr\/wp-json\/wp\/v2\/comments?post=32625"}],"version-history":[{"count":0,"href":"https:\/\/bonnefield.com\/fr\/wp-json\/wp\/v2\/pages\/32625\/revisions"}],"up":[{"embeddable":true,"href":"https:\/\/bonnefield.com\/fr\/wp-json\/wp\/v2\/pages\/32526"}],"wp:attachment":[{"href":"https:\/\/bonnefield.com\/fr\/wp-json\/wp\/v2\/media?parent=32625"}],"curies":[{"name":"wp","href":"https:\/\/api.w.org\/{rel}","templated":true}]}}