{"id":32643,"date":"2020-04-21T18:14:19","date_gmt":"2020-04-21T22:14:19","guid":{"rendered":"https:\/\/bonnefield3854.wpengine.com\/?page_id=32643"},"modified":"2021-09-21T14:38:37","modified_gmt":"2021-09-21T18:38:37","slug":"four-sons-and-a-farm","status":"publish","type":"page","link":"https:\/\/bonnefield.com\/fr\/case-studies\/four-sons-and-a-farm\/","title":{"rendered":"Quatre fils et une ferme"},"content":{"rendered":"<p>[et_pb_section fb_built=\u201d1\u2033 _builder_version=\u201d4.10.1\u2033 background_image=\u201dhttps:\/\/bonnefield.com\/wp-content\/uploads\/2021\/09\/four-sons-header-1400\u00d7480-1.jpg\u201d background_position =\u201dbottom_center\u201d height=\u201d425px\u201d bottom_divider_height=\u201d80px\u201d bottom_divider_flip=\u201dvertical\u201d hover_enabled=\u201d0\u2033 verrouill\u00e9=\u201doff\u201d global_colors_info=\u201d{}\u201d title_text=\u201dfour-sons-header-1400\u00d7480\u2033 sticky_enabled= \u201d0\u2033][et_pb_row _builder_version=\u201d4.2.2\u2033 custom_margin=\u201d100px||||false|false\u201d global_colors_info=\u201d{}\u201d][et_pb_column type=\u201d4_4\u2033 _builder_version=\u201d4.2.2\u2033 global_colors_info=\u201d{ }\u201d][et_pb_text _builder_version=\u201d4.2.2\u2033 text_text_color=\u201d#ffffff\u201d header_text_color=\u201d#ffffff\u201d text_orientation=\u201dcenter\u201d global_colors_info=\u201d{}\u201d]<\/p>\n<div class=\"page\" title=\"Page 1\">\n<div class=\"section\">\n<div class=\"layoutArea\">\n<div class=\"column\">\n<div class=\"page\" title=\"Page 1\">\n<div class=\"section\">\n<div class=\"layoutArea\">\n<div class=\"column\">\n<div class=\"page\" title=\"Page 1\">\n<div class=\"section\">\n<div class=\"layoutArea\">\n<div class=\"column\">\n<h1><span>Quatre fils et une ferme<br \/> <\/span><\/h1>\n<\/div>\n<\/div>\n<\/div>\n<\/div>\n<\/div>\n<\/div>\n<\/div>\n<\/div>\n<\/div>\n<\/div>\n<\/div>\n<\/div>\n<p>[\/et_pb_text][\/et_pb_column][\/et_pb_row][\/et_pb_section][et_pb_section fb_built=\u201d1\u2033 admin_label=\u201dLong terme\u201d _builder_version=\u201d4.2.2\u2033 background_image=\u201dhttps:\/\/bonnefield3854.wpengine.com\/wp -content\/uploads\/2020\/04\/News-bg-.jpg\u201d background_size=\u201dcontain\u201d background_position=\u201dbottom_center\u201d width=\u201d90.7%\u201d verrouill\u00e9=\u201doff\u201d global_colors_info=\u201d{}\u201d][et_pb_row _builder_version=\u201d4.2 .2\u2033 width_tablet=\u201d95%\u201d width_phone=\u201d\u201d width_last_edited=\u201don|phone\u201d custom_margin=\u201d50px||||false|false\u201d custom_margin_tablet=\u201d0px||||false|false\u201d custom_margin_phone=\u201d-44px|| ||false|false\u201d custom_margin_last_edited=\u201don|tablet\u201d global_colors_info=\u201d{}\u201d][et_pb_column type=\u201d4_4\u2033 _builder_version=\u201d4.2.2\u2033 global_colors_info=\u201d{}\u201d][et_pb_text content_tablet=\u201d<\/p>\n<div class=\"%22page%22\" title=\"%22Page\" 1%22>\n<div class=\"%22section%22\">\n<div class=\"%22layoutArea%22\">\n<div class=\"%22column%22\">\n<div class=\"%22section%22\">\n<div class=\"%22layoutArea%22\">\n<div class=\"%22column%22\">\n<div class=\"%22page%22\" title=\"%22Page\" 1%22>\n<div class=\"%22layoutArea%22\">\n<div class=\"%22column%22\">\n<h1><span>Comment un agriculteur a d\u00e9velopp\u00e9 son entreprise en trouvant un partenaire qui l&#039;a aid\u00e9 \u00e0 cro\u00eetre selon ses propres conditions <\/span><\/h1>\n<\/div>\n<\/div>\n<\/div>\n<\/div>\n<\/div>\n<\/div>\n<\/div>\n<\/div>\n<\/div>\n<\/div>\n<p>&quot; content_phone = &quot;<\/p>\n<div class=\"%22page%22\" title=\"%22Page\" 1%22>\n<div class=\"%22section%22\">\n<div class=\"%22layoutArea%22\">\n<div class=\"%22column%22\">\n<h1><span>Comment un agriculteur a d\u00e9velopp\u00e9 son entreprise en trouvant un partenaire qui l&#039;a aid\u00e9 \u00e0 cro\u00eetre selon ses propres conditions <\/span><\/h1>\n<\/div>\n<\/div>\n<\/div>\n<\/div>\n<p>\u201d content_last_edited=\u201doff|desktop\u201d _builder_version=\u201d4.2.2\u2033 header_text_align=\u201dcenter\u201d header_text_color=\u201d#20543b\u201d header_3_text_align=\u201dcenter\u201d custom_margin=\u201d-40px||50px||false|false\u201d custom_margin_tablet=\u201d-30px| |30px||false|false\u201d custom_margin_phone=\u201d0px||30px||false|false\u201d custom_margin_last_edited=\u201don|phone\u201d header_text_align_last_edited=\u201doff|desktop\u201d header_font_size_tablet=\u201d\u201d header_font_size_phone=\u201d40px\u201d header_font_size_last_edited=\u201don|phone &quot; global_colors_info = &quot;{}&quot;]<\/p>\n<div class=\"page\" title=\"Page 1\">\n<div class=\"section\">\n<div class=\"layoutArea\">\n<div class=\"column\">\n<div class=\"page\" title=\"Page 1\">\n<div class=\"layoutArea\">\n<div class=\"column\">\n<div class=\"page\" title=\"Page 1\">\n<div class=\"section\">\n<div class=\"layoutArea\">\n<div class=\"column\">\n<div class=\"page\" title=\"Page 1\">\n<div class=\"section\">\n<div class=\"layoutArea\">\n<div class=\"column\">\n<h1><span>Comment les parents ont planifi\u00e9 l&#039;avenir de leurs enfants <\/span><\/h1>\n<\/div>\n<\/div>\n<\/div>\n<\/div>\n<\/div>\n<\/div>\n<\/div>\n<\/div>\n<\/div>\n<\/div>\n<\/div>\n<\/div>\n<\/div>\n<\/div>\n<\/div>\n<p>[\/et_pb_text][et_pb_text ul_item_indent=\u201d30px\u201d quote_border_weight=\u201d17px\u201d quote_border_color=\u201d#172745\u2033 _builder_version=\u201d4.2.2\u2033 ul_text_color=\u201d#000000\u2033 quote_font=\u201d||||||||\u201d quote_text_color=\u201d#172745\u2033 quote_font_size=\u201d30px\u201d quote_line_height=\u201d1.2em\u201d background_color=\u201drgba(0,0,0,0)\u201d width=\u201d85%\u201d width_tablet=\u201d95%\u201d width_phone=\u201d95%\u201d width_last_edited=\u201don| phone&quot; module_alignment=&quot;center&quot; custom_margin=&quot;||||false|false&quot; custom_padding=&quot;40px|40px|40px|40px|false|false&quot; custom_padding_tablet=&quot;&quot; custom_padding_phone=&quot;25px|25px|25px|25px|false| false&quot; custom_padding_last_edited=&quot;sur|t\u00e9l\u00e9phone&quot; quote_font_size_tablet=&quot;&quot; quote_font_size_phone=&quot;21px&quot; quote_font_size_last_edited=&quot;sur|t\u00e9l\u00e9phone&quot; global_colors_info=&quot;{}&quot;]<\/p>\n<div class=\"page\" title=\"Page 1\"><\/div>\n<div class=\"page\" title=\"Page 1\">\n<div class=\"section\">\n<div class=\"layoutArea\">\n<div class=\"column\">\n<div class=\"page\" title=\"Page 1\">\n<div class=\"section\">\n<div class=\"layoutArea\">\n<div class=\"column\">\n<div class=\"page\" title=\"Page 1\">\n<div class=\"layoutArea\">\n<div class=\"column\">\n<div class=\"page\" title=\"Page 1\">\n<div class=\"section\">\n<div class=\"layoutArea\">\n<div class=\"column\">\n<div class=\"page\" title=\"Page 1\">\n<div class=\"section\">\n<div class=\"layoutArea\">\n<div class=\"column\">\n<p><span>Pour Jim et Lois Smith (ce n&#039;est pas leur vrai nom), l&#039;agriculture est dans leur sang. En tant que mari et femme, ils ont h\u00e9rit\u00e9 de l&#039;amour du travail de la terre, du talent pour faire pousser des cultures et d&#039;une ferme de 800 acres qui comprenait l&#039;ancienne ferme. Ils ont \u00e9galement h\u00e9rit\u00e9 d\u2019un endettement tr\u00e8s lourd. En fait, la dette \u00e9tait si importante que le couple avait du mal \u00e0 rester \u00e0 flot. <\/span><\/p>\n<p><span>Encore dans la quarantaine, Jim et Lois, qui ont quatre enfants, ont eu des d\u00e9cisions importantes \u00e0 prendre pour assurer leur avenir ainsi que celui de leurs enfants. <\/span><\/p>\n<p><span>Leur pr\u00e9occupation imm\u00e9diate \u00e9tait de faire quelque chose pour leur maison qui avait besoin de r\u00e9parations importantes. Ensuite, ils ont d\u00fb trouver un moyen d\u2019\u00e9largir leur territoire pour r\u00e9pondre \u00e0 leurs aspirations agricoles ainsi qu\u2019\u00e0 celles de leurs quatre fils qui \u00e9taient tous passionn\u00e9s par l\u2019agriculture. <\/span><\/p>\n<\/div>\n<\/div>\n<\/div>\n<\/div>\n<p><span><\/span><\/p>\n<div class=\"page\" title=\"Page 1\">\n<div class=\"section\">\n<div class=\"layoutArea\">\n<div class=\"column\">\n<div class=\"page\" title=\"Page 1\">\n<div class=\"section\">\n<div class=\"layoutArea\">\n<div class=\"column\">\n<blockquote>\n<div class=\"page\" title=\"Page 1\">\n<div class=\"section\">\n<div class=\"layoutArea\">\n<div class=\"column\">\n<p><span>Pour la premi\u00e8re fois depuis au moins deux g\u00e9n\u00e9rations, la famille avait un bilan sain. <\/span><\/p>\n<\/div>\n<\/div>\n<\/div>\n<\/div>\n<\/blockquote>\n<\/div>\n<\/div>\n<\/div>\n<\/div>\n<p><span><\/span><\/p>\n<div class=\"page\" title=\"Page 1\">\n<div class=\"section\">\n<div class=\"layoutArea\">\n<div class=\"column\">\n<h3><span>Acheter ou louer des terres agricoles ? <\/span><\/h3>\n<p><span>Le p\u00e8re de Jim \u00e9tait ce qu&#039;on pourrait appeler \u00ab la vieille \u00e9cole \u00bb. Il \u00e9tait fier de sa terre et la conservait co\u00fbte que co\u00fbte. Ayant grandi dans cet \u00e9tat d\u2019esprit, Jim et Lois \u00e9taient en conflit. Pour rester dans l&#039;agriculture, ils devraient agrandir leur territoire, mais pour leur tranquillit\u00e9 d&#039;esprit et l&#039;avenir de leurs enfants, ils devaient \u00e9galement r\u00e9duire leur dette. <\/span><\/p>\n<div class=\"page\" title=\"Page 1\">\n<div class=\"section\">\n<div class=\"layoutArea\">\n<div class=\"column\">\n<p><span>La premi\u00e8re chose qu\u2019ils ont faite a \u00e9t\u00e9 de vendre quelques centaines d\u2019acres de leurs terres. Ils ont utilis\u00e9 cet argent pour construire une nouvelle maison, pour reprendre leur souffle et r\u00e9fl\u00e9chir \u00e0 la mani\u00e8re dont ils pourraient acqu\u00e9rir davantage de terrain. M\u00eame si cette vente a lib\u00e9r\u00e9 des liquidit\u00e9s, elle a \u00e9galement eu pour effet de r\u00e9duire leur assise fonci\u00e8re, r\u00e9duisant ainsi l&#039;efficacit\u00e9 de leur entreprise agricole. C&#039;est \u00e0 cette \u00e9poque qu&#039;ils ont d\u00e9couvert Bonnefield et ses solutions de financement par bail foncier pour les exploitants agricoles canadiens.\u00a0<\/span><\/p>\n<\/div>\n<\/div>\n<\/div>\n<\/div>\n<p><span><\/span><\/p>\n<p><span>En quelques mois, Bonnefield avait achet\u00e9 500 acres des Smith et leur avait relou\u00e9 les acres en utilisant la structure de bail renouvelable \u00e0 long terme de Bonnefield. Ce qui est important pour les Smith, c&#039;est qu&#039;ils conservaient toujours la propri\u00e9t\u00e9 d&#039;une partie importante de leurs terres, qui comprenait leur ferme. Bonnefield et son \u00e9quipe ont ensuite contribu\u00e9 \u00e0 l&#039;acquisition de 2 500 acres suppl\u00e9mentaires \u00e0 proximit\u00e9 que Bonnefield a lou\u00e9s \u00e0 Jim et Lois sur une base \u00e0 long terme.<\/span><\/p>\n<\/div>\n<\/div>\n<div class=\"layoutArea\">\n<div class=\"column\">\n<p><span> <\/span><\/p>\n<\/div>\n<\/div>\n<\/div>\n<\/div>\n<\/div>\n<\/div>\n<\/div>\n<\/div>\n<\/div>\n<\/div>\n<\/div>\n<\/div>\n<\/div>\n<\/div>\n<\/div>\n<\/div>\n<\/div>\n<\/div>\n<\/div>\n<\/div>\n<\/div>\n<\/div>\n<\/div>\n<p>[\/et_pb_text][\/et_pb_column][\/et_pb_row][et_pb_row column_structure=\u201d1_2,1_2\u2033 _builder_version=\u201d4.2.2\u2033 custom_margin=\u201d20px||||false|false\u201d global_colors_info=\u201d{}\u201d][et_pb_column type =\u201d1_2\u2033 _builder_version=\u201d4.2.2\u2033 custom_padding=\u201d30px|30px|30px|30px|false|false\u201d global_colors_info=\u201d{}\u201d][et_pb_image src=\u201dhttps:\/\/bonnefield3854.wpengine.com\/wp- content\/uploads\/2020\/04\/quote-crop-1-1.jpg\u201d align=\u201dright\u201d align_tablet=\u201dcenter\u201d align_phone=\u201d\u201d align_last_edited=\u201don|phone\u201d _builder_version=\u201d4.2.2\u2033 global_colors_info=\u201d{ }\u201d][\/et_pb_image][\/et_pb_column][et_pb_column type=\u201d1_2\u2033 _builder_version=\u201d4.2.2\u2033 global_colors_info=\u201d{}\u201d][et_pb_text quote_border_weight=\u201d17px\u201d quote_border_color=\u201d#172745\u2033 _builder_version=\u201d4.2.2 \u2033 quote_font=\u201d||||||||\u201d quote_text_color=\u201d#172745\u2033 quote_font_size=\u201d30px\u201d quote_line_height=\u201d1.2em\u201d background_color=\u201drgba(0,0,0,0)\u201d transform_scale_tablet=\u201d\u201d transform_scale_phone=\u201d\u201d transform_scale_last_edited=\u201don|desktop\u201d transform_translate=\u201d-80px | 0px \u201dtransform_translate_tablet =\u201d 0px | 0px \u201dtransform_translate_phone =\u201d \u201dtransform_translate_last_edite _skew_phone = \u201d\u201d transform_skew_last_edit =\u201dsur|desktop\u201d transform_origin_tablet=\u201d\u201d transform_origin_phone=\u201d\u201d transform_origin_last_edited=\u201dsur|desktop\u201d transform_styles_last_edited=\u201dsur|desktop\u201d width=\u201d85%\u201d width_tablet=\u201d100%\u201d width_phone=\u201d100%\u201d width_last_edited=\u201don|desktop\u201d module_alignment=\u201dcenter\u201d custom_margin=\u201d180px|||0px|false|false\u201d custom_margin_tablet=\u201d0px||||false|false\u201d custom_margin_phone=\u201d0px||||false|false\u201d custom_margin_last_edited=\u201don|phone\u201d custom_padding =\u201d0px|0px|0px|0px|false|false\u201d custom_padding_tablet=\u201d\u201d custom_padding_phone=\u201d25px|25px|25px|25px|false|false\u201d custom_padding_last_edited=\u201don|phone\u201d quote_font_size_phone=\u201d30px\u201d quote_font_size_last_edited=\u201doff| bureau\u201d transform_styles_tablet=\u201d\u201d transform_styles_phone=\u201d\u201d global_colors_info=\u201d{}\u201d]<\/p>\n<div class=\"page\" title=\"Page 2\">\n<div class=\"section\">\n<div class=\"layoutArea\">\n<div class=\"column\">\n<blockquote>\n<div class=\"page\" title=\"Page 2\">\n<div class=\"section\">\n<div class=\"layoutArea\">\n<div class=\"column\">\n<div class=\"page\" title=\"Page 2\">\n<div class=\"section\">\n<div class=\"layoutArea\">\n<div class=\"column\">\n<div class=\"page\" title=\"Page 2\">\n<div class=\"section\">\n<div class=\"layoutArea\">\n<div class=\"column\">\n<p><span>En ayant une taille sans dette, ils ont assur\u00e9 leur avenir agricole ainsi que celui de leurs enfants. <\/span><\/p>\n<\/div>\n<\/div>\n<\/div>\n<\/div>\n<\/div>\n<\/div>\n<\/div>\n<\/div>\n<\/div>\n<\/div>\n<\/div>\n<\/div>\n<\/blockquote>\n<\/div>\n<\/div>\n<\/div>\n<\/div>\n<p>[\/et_pb_text][\/et_pb_column][\/et_pb_row][et_pb_row _builder_version=\u201d4.2.2\u2033 width_tablet=\u201d95%\u201d width_phone=\u201d\u201d width_last_edited=\u201don|phone\u201d custom_margin=\u201d20px||60px||false|false\u201d custom_margin_tablet=\u201d\u201d custom_margin_phone=\u201d\u201d custom_margin_last_edited=\u201don|phone\u201d global_colors_info=\u201d{}\u201d][et_pb_column type=\u201d4_4\u2033 _builder_version=\u201d4.2.2\u2033 global_colors_info=\u201d{}\u201d][et_pb_text quote_border_weight=\u201d17px\u201d quote_border_color=\u201d#172745\u2033 _builder_version=\u201d4.2.2\u2033 quote_font=\u201d||||||||\u201d quote_text_color=\u201d#172745\u2033 quote_font_size=\u201d30px\u201d quote_line_height=\u201d1.2em\u201d background_color=\u201drgba(0,0,0,0)\u201d width=\u201d85%\u201d width_tablet=\u201d95%\u201d width_phone=\u201d95%\u201d width_last_edited=\u201don| phone&quot; module_alignment=&quot;center&quot; custom_margin=&quot;||||false|false&quot; custom_padding=&quot;40px|40px|40px|40px|false|false&quot; custom_padding_tablet=&quot;&quot; custom_padding_phone=&quot;25px|25px|25px|25px|false| false&quot; custom_padding_last_edited=&quot;sur|t\u00e9l\u00e9phone&quot; quote_font_size_tablet=&quot;&quot; quote_font_size_phone=&quot;21px&quot; quote_font_size_last_edited=&quot;sur|t\u00e9l\u00e9phone&quot; global_colors_info=&quot;{}&quot;]<\/p>\n<div class=\"page\" title=\"Page 2\">\n<div class=\"section\">\n<div class=\"layoutArea\">\n<div class=\"column\">\n<div class=\"page\" title=\"Page 2\">\n<div class=\"section\">\n<div class=\"layoutArea\">\n<div class=\"column\">\n<div class=\"page\" title=\"Page 2\">\n<div class=\"section\">\n<div class=\"layoutArea\">\n<div class=\"column\">\n<div class=\"layoutArea\">\n<div class=\"column\">\n<p>&nbsp;<\/p>\n<\/div>\n<\/div>\n<div class=\"layoutArea\">\n<div class=\"column\">\n<h3><span>Les avantages pour Jim et Lois \u00e9taient formidables.<\/span><\/h3>\n<p><span><\/span><\/p>\n<blockquote>\n<p><span>Des flux de tr\u00e9sorerie <\/span><\/p>\n<\/blockquote>\n<p><span>Pour la premi\u00e8re fois depuis au moins deux g\u00e9n\u00e9rations, la famille pr\u00e9sente un bilan sain. Ils ont rembours\u00e9 leur dette et disposaient de liquidit\u00e9s pour couvrir les co\u00fbts des intrants et acheter de nouvelles machines.<\/span><\/p>\n<p><span><\/span><\/p>\n<\/div>\n<div class=\"column\">\n<blockquote>\n<p><span>Capacit\u00e9 d&#039;expansion <\/span><\/p>\n<\/blockquote>\n<p><span>Gr\u00e2ce \u00e0 la structure de bail renouvelable de Bonnefield, Jim et Lois pourraient envisager l&#039;avenir en sachant qu&#039;ils b\u00e9n\u00e9ficieraient d&#039;un acc\u00e8s s\u00fbr et \u00e0 long terme \u00e0 des terres qu&#039;ils consid\u00e8rent comme s&#039;ils en \u00e9taient propri\u00e9taires. 2 500 acres leur ont donn\u00e9 l&#039;\u00e9chelle dont ils avaient besoin pour d\u00e9velopper leurs exploitations et soutenir les ambitions agricoles de leurs fils. La croissance future pourrait \u00e9galement \u00eatre soutenue par des investissements suppl\u00e9mentaires de Bonnefield.\u00a0<\/span><\/p>\n<p><span><\/span><\/p>\n<div class=\"page\" title=\"Page 2\">\n<div class=\"section\">\n<div class=\"layoutArea\">\n<div class=\"column\">\n<blockquote>\n<p><span>Planification pr\u00e9coce de la rel\u00e8ve <\/span><\/p>\n<\/blockquote>\n<p><span>M\u00eame s&#039;ils sont encore jeunes, les Smith sont en bonne position en mati\u00e8re de planification de la succession. En ayant une taille sans dette, ils ont assur\u00e9 leur avenir agricole ainsi que celui de leurs enfants. <\/span><\/p>\n<blockquote>\n<p><span>Tranquillit\u00e9 d&#039;esprit <\/span><\/p>\n<\/blockquote>\n<p><span>Bien qu\u2019il s\u2019agisse d\u2019un voyage \u00e9motionnel, ce fut relativement indolore. Aujourd&#039;hui, les Smith jouissent d&#039;une libert\u00e9 qu&#039;ils ne croyaient pas possible auparavant. <\/span><\/p>\n<p><span>Quelques mois seulement apr\u00e8s avoir rencontr\u00e9 Bonnefield, la famille Smith avait plus que tripl\u00e9 sa superficie agricole, r\u00e9duit sa dette, achet\u00e9 de nouvelles machines et \u00e9tait s\u00fbre de sa capacit\u00e9 \u00e0 perp\u00e9tuer la tradition agricole familiale. <\/span><\/p>\n<\/div>\n<\/div>\n<\/div>\n<\/div>\n<\/div>\n<\/div>\n<\/div>\n<\/div>\n<\/div>\n<\/div>\n<\/div>\n<\/div>\n<\/div>\n<\/div>\n<\/div>\n<\/div>\n<\/div>\n<\/div>\n<p>[\/et_pb_text][et_pb_cta title=\u201dGOAL\u201d _builder_version=\u201d4.2.2\u2033 body_font_size=\u201d27px\u201d background_color=\u201d#8a8a85\u2033 custom_padding=\u201d30px|20px|20px|20px|false|false\u201d global_colors_info=\u201d{}\u201d]<\/p>\n<div class=\"page\" title=\"Page 2\">\n<div class=\"section\">\n<div class=\"layoutArea\">\n<div class=\"column\">\n<div class=\"page\" title=\"Page 2\">\n<div class=\"section\">\n<div class=\"layoutArea\">\n<div class=\"column\">\n<p><span>Am\u00e9liorer le bilan, \u00e9largir la base fonci\u00e8re, planifier la succession <\/span><\/p>\n<\/div>\n<\/div>\n<\/div>\n<\/div>\n<\/div>\n<\/div>\n<\/div>\n<\/div>\n<p>[\/et_pb_cta][et_pb_cta title=\u201dSOLUTION\u201d _builder_version=\u201d4.2.2\u2033 body_font_size=\u201d27px\u201d custom_padding=\u201d30px|20px|20px|20px|false|false\u201d global_colors_info=\u201d{}\u201d]<\/p>\n<div class=\"page\" title=\"Page 2\">\n<div class=\"section\">\n<div class=\"layoutArea\">\n<div class=\"column\">\n<div class=\"page\" title=\"Page 2\">\n<div class=\"section\">\n<div class=\"layoutArea\">\n<div class=\"column\">\n<div class=\"page\" title=\"Page 2\">\n<div class=\"section\">\n<div class=\"layoutArea\">\n<div class=\"column\">\n<p><span>Cession-bail de terrains actuels et nouveaux <\/span><\/p>\n<\/div>\n<\/div>\n<\/div>\n<\/div>\n<\/div>\n<\/div>\n<\/div>\n<\/div>\n<\/div>\n<\/div>\n<\/div>\n<\/div>\n<p>[\/et_pb_cta][\/et_pb_column][\/et_pb_row][et_pb_row column_structure=\u201d3_4,1_4\u2033 custom_padding_last_edited=\u201don|phone\u201d _builder_version=\u201d4.2.2\u2033 background_color=\u201d#ffffff\u201d custom_margin=\u201d30px||70px||false |false&quot; custom_padding = &quot;40px | et_pb_column type=\u201d3_4\u2033 _builder_version=\u201d4.2.2\u2033 custom_padding=\u201d||||false|false\u201d global_colors_info=\u201d{}\u201d custom_css_main_element_last_edited=\u201doff|desktop\u201d][et_pb_text _builder_version=\u201d4.2.2\u2033 header_text_align=\u201d center\u201d header_4_text_align=\u201dcenter\u201d background_color=\u201drgba(0,0,0,0)\u201d width=\u201d100%\u201d custom_margin=\u201d||||false|false\u201d custom_padding=\u201d||||false|false\u201d global_colors_info= &quot;{}&quot;]<\/p>\n<h4 class=\"p1\" style=\"text-align: left;\"><span class=\"s1\">Cliquez sur le bouton pour\u00a0<\/span><span class=\"s1\">t\u00e9l\u00e9chargez une copie PDF de cette \u00e9tude de cas.<\/span><\/h4>\n<p>[\/et_pb_text][\/et_pb_column][et_pb_column type=\u201d1_4\u2033 _builder_version=\u201d4.2.2\u2033 global_colors_info=\u201d{}\u201d][et_pb_button button_url=\u201dhttps:\/\/bonnefield.com\/wp-content\/uploads\/2021\/ 09\/Four-sons_Bonnefield-casestudy.pdf\u201d url_new_window=\u201don\u201d button_text=\u201dT\u00e9l\u00e9charger\u201d button_alignment=\u201dcenter\u201d _builder_version=\u201d4.10.1\u2033 custom_button=\u201don\u201d button_text_size=\u201d25px\u201d custom_margin=\u201d15px|||| false|false\u201d custom_margin_tablet=\u201d-20px||||false|false\u201d custom_margin_phone=\u201d-20px||||false|false\u201d custom_margin_last_edited=\u201don|phone\u201d hover_enabled=\u201d0\u2033 global_colors_info=\u201d{}\u201d button_use_icon= \u201doff\u201d sticky_enabled=\u201d0\u2033][\/et_pb_button][\/et_pb_column][\/et_pb_row][\/et_pb_section]<\/p>","protected":false},"excerpt":{"rendered":"<p>Quatre fils et une ferme Comment des parents ont planifi\u00e9 l&#039;avenir de leurs enfants Jim et Lois Smith (noms d&#039;emprunt) ont l&#039;agriculture dans le sang. Mari et femme, ils ont h\u00e9rit\u00e9 de l&#039;amour du travail de la terre, d&#039;un talent pour la culture et d&#039;une ferme de 800 acres, dont l&#039;ancienne ferme. Ils ont \u00e9galement h\u00e9rit\u00e9 d&#039;une lourde dette. En fait, la dette \u00e9tait si importante que le couple a eu du mal \u00e0 rester \u00e0 flot. Encore dans la quarantaine, Jim et Lois, qui ont quatre enfants, ont d\u00fb prendre des d\u00e9cisions importantes pour assurer leur avenir et celui de leurs enfants. Leur premi\u00e8re pr\u00e9occupation \u00e9tait de faire quelque chose pour leur maison qui avait besoin d&#039;importantes r\u00e9parations. Ensuite, ils ont d\u00fb trouver comment agrandir leur base fonci\u00e8re pour soutenir leurs aspirations agricoles ainsi que celles de leurs quatre fils qui \u00e9taient tous d\u00e9sireux d&#039;\u00eatre agriculteurs. Pour la premi\u00e8re fois depuis au moins deux g\u00e9n\u00e9rations, la famille affichait un bilan sain. Acheter ou louer des terres agricoles ? Le p\u00e8re de Jim \u00e9tait ce qu&#039;on pourrait appeler \u00ab de la vieille \u00e9cole \u00bb. Il \u00e9tait fier de sa terre et la conservait quoi qu&#039;il en co\u00fbte. Ayant grandi avec cet \u00e9tat d\u2019esprit, Jim et Lois \u00e9taient [\u2026]<\/p>","protected":false},"author":232,"featured_media":0,"parent":32526,"menu_order":0,"comment_status":"closed","ping_status":"closed","template":"","meta":{"_et_pb_use_builder":"on","_et_pb_old_content":"","_et_gb_content_width":"","footnotes":""},"class_list":["post-32643","page","type-page","status-publish","hentry"],"_links":{"self":[{"href":"https:\/\/bonnefield.com\/fr\/wp-json\/wp\/v2\/pages\/32643","targetHints":{"allow":["GET"]}}],"collection":[{"href":"https:\/\/bonnefield.com\/fr\/wp-json\/wp\/v2\/pages"}],"about":[{"href":"https:\/\/bonnefield.com\/fr\/wp-json\/wp\/v2\/types\/page"}],"author":[{"embeddable":true,"href":"https:\/\/bonnefield.com\/fr\/wp-json\/wp\/v2\/users\/232"}],"replies":[{"embeddable":true,"href":"https:\/\/bonnefield.com\/fr\/wp-json\/wp\/v2\/comments?post=32643"}],"version-history":[{"count":0,"href":"https:\/\/bonnefield.com\/fr\/wp-json\/wp\/v2\/pages\/32643\/revisions"}],"up":[{"embeddable":true,"href":"https:\/\/bonnefield.com\/fr\/wp-json\/wp\/v2\/pages\/32526"}],"wp:attachment":[{"href":"https:\/\/bonnefield.com\/fr\/wp-json\/wp\/v2\/media?parent=32643"}],"curies":[{"name":"wp","href":"https:\/\/api.w.org\/{rel}","templated":true}]}}